{"id":105,"date":"2024-08-23T14:16:51","date_gmt":"2024-08-23T14:16:51","guid":{"rendered":"https:\/\/www.rietdairy.com\/?page_id=3"},"modified":"2024-11-28T09:13:49","modified_gmt":"2024-11-28T09:13:49","slug":"privacy","status":"publish","type":"page","link":"https:\/\/www.rietdairy.com\/de\/privacy\/","title":{"rendered":"Privacy by Riet Dairy"},"content":{"rendered":"\n<p><strong>Datenschutzerkl\u00e4rung von van &#8218;t Riet Zuiveltechnologie B.V.<\/strong><\/p>\n\n\n\n<p>Dies ist die Datenschutzerkl\u00e4rung von van &#8218;t Riet Zuiveltechnologie B.V., eingetragen im Handelsregister der Handelskammer unter der Nummer 28108600. Diese Datenschutzerkl\u00e4rung bezieht sich auf die Datenverarbeitungspraktiken von Riet Dairy. Riet Dairy respektiert die Privatsph\u00e4re aller Kunden. Wir stellen sicher, dass die pers\u00f6nlichen Informationen, die Sie uns zur Verf\u00fcgung stellen, vertraulich behandelt werden. Diese Datenschutzerkl\u00e4rung gilt f\u00fcr die von van &#8218;t Riet Zuiveltechnologie B.V. angebotenen Dienstleistungen.<\/p>\n\n\n\n<p><strong>Nutzung unserer Dienstleistungen<\/strong><\/p>\n\n\n\n<p>Wenn Sie sich f\u00fcr die Dienstleistungen von Riet Dairy registrieren, bitten wir Sie, Ihre Unternehmensdaten sowie die pers\u00f6nlichen Daten Ihrer Ansprechpartner anzugeben. Diese Daten werden im Kundensystem von Riet Dairy gespeichert und verwendet, um unsere Dienstleistungen f\u00fcr Sie bereitzustellen.<\/p>\n\n\n\n<p>Grunds\u00e4tzlich werden Ihre pers\u00f6nlichen Daten nur von Riet Dairy verwendet. Wir geben Ihre pers\u00f6nlichen Daten nicht ohne Ihre Zustimmung an Dritte weiter, es sei denn, wir sind gesetzlich oder durch eine gerichtliche Anordnung dazu verpflichtet, oder es ist notwendig, um einen Vertrag zwischen Ihnen und Riet Dairy zu erf\u00fcllen. Sie haben jederzeit das Recht, Ihre pers\u00f6nlichen Daten einzusehen, zu \u00e4ndern oder zu l\u00f6schen. Bitte kontaktieren Sie uns in diesem Fall.<\/p>\n\n\n\n<p><strong>Speicherfrist f\u00fcr Kundendaten<\/strong><\/p>\n\n\n\n<p>Riet Dairy speichert Ihre Unternehmensdaten und die pers\u00f6nlichen Daten Ihrer Ansprechpartner nicht l\u00e4nger als notwendig, um die Zwecke zu erf\u00fcllen, f\u00fcr die sie erhoben wurden.<\/p>\n\n\n\n<p><strong>Verwendung von Cookies auf der Website von Riet Dairy<\/strong><\/p>\n\n\n\n<p>Auf unserer Website verwenden wir Cookies, die uns Informationen bereitstellen. Es gibt verschiedene Arten von Cookies, und Riet Dairy verwendet vier Typen:<\/p>\n\n\n\n<ol class=\"wp-block-list\">\n<li><strong>Funktionale Cookies<\/strong><br>Wir setzen funktionale Cookies ein, um sicherzustellen, dass unsere Websites optimal funktionieren und benutzerfreundlich sind. Sie k\u00f6nnen diese Cookies jederzeit \u00fcber den Verlauf oder die Cookie-Speicherung Ihres Browsers von Ihrem Computer l\u00f6schen.<\/li>\n\n\n\n<li><strong>Analytische Cookies<\/strong><br>Analytische Cookies messen Daten \u00fcber die Nutzung unserer Website. Dazu geh\u00f6ren beispielsweise die Anzahl der Besucher, die Verweildauer auf unserer Website und die aufgerufenen Seiten.<\/li>\n\n\n\n<li><strong>Pr\u00e4ferenz-Cookies<\/strong><br>Pr\u00e4ferenz-Cookies erm\u00f6glichen es unseren Websites, Informationen zu speichern, die ihr Verhalten und Erscheinungsbild beeinflussen. Beispielsweise speichern diese Cookies Ihre bevorzugte Sprache oder die Region, in der Sie leben.<\/li>\n\n\n\n<li><strong>Marketing-Cookies<\/strong><br>Marketing-Cookies verfolgen das Surfverhalten unserer Besucher. Diese Daten werden in einer personalisierten Datenbank gespeichert. Wir verwenden diese Cookies f\u00fcr Aktivit\u00e4ten wie den Versand von Newslettern und Re-Marketing.<\/li>\n<\/ol>\n\n\n\n<p>Funktionale Cookies sind f\u00fcr das ordnungsgem\u00e4\u00dfe Funktionieren unserer Website unerl\u00e4sslich. F\u00fcr die Nutzung der anderen Cookies bitten wir Sie beim Besuch unserer Website \u00fcber ein Pop-up um Ihre Zustimmung; Sie k\u00f6nnen diese Cookies akzeptieren oder ablehnen. Dies hat keinen Einfluss auf die Funktionalit\u00e4t unserer Website.<\/p>\n\n\n\n<p><strong>\u00c4nderungen<\/strong><\/p>\n\n\n\n<p>Diese Datenschutzerkl\u00e4rung kann ohne vorherige Ank\u00fcndigung ge\u00e4ndert werden, falls sich die Gesch\u00e4ftst\u00e4tigkeiten von Riet Dairy \u00e4ndern. Wir empfehlen Ihnen daher, diese Datenschutzerkl\u00e4rung regelm\u00e4\u00dfig zu konsultieren.<\/p>\n","protected":false},"excerpt":{"rendered":"<p>Datenschutzerkl\u00e4rung von van &#8218;t Riet Zuiveltechnologie B.V. Dies ist die Datenschutzerkl\u00e4rung von van &#8218;t Riet Zuiveltechnologie B.V., eingetragen im Handelsregister<\/p>\n","protected":false},"author":1,"featured_media":228,"parent":0,"menu_order":0,"comment_status":"closed","ping_status":"open","template":"","meta":{"_acf_changed":false,"footnotes":""},"class_list":["post-105","page","type-page","status-publish","has-post-thumbnail","hentry"],"acf":[],"yoast_head":"<!-- This site is optimized with the Yoast SEO plugin v27.4 - https:\/\/yoast.com\/product\/yoast-seo-wordpress\/ -->\n<title>Privacy by Riet Dairy - Riet Dairy DE<\/title>\n<meta name=\"description\" content=\"This privacy statement applies to the services provided by van &#039;t Riet Zuiveltechnologie B.V.\" \/>\n<meta name=\"robots\" content=\"index, follow, max-snippet:-1, max-image-preview:large, max-video-preview:-1\" \/>\n<link rel=\"canonical\" href=\"https:\/\/www.rietdairy.com\/de\/privacy\/\" \/>\n<meta property=\"og:locale\" content=\"de_DE\" \/>\n<meta property=\"og:type\" content=\"article\" \/>\n<meta property=\"og:title\" content=\"Privacy by Riet Dairy - Riet Dairy DE\" \/>\n<meta property=\"og:description\" content=\"This privacy statement applies to the services provided by van &#039;t Riet Zuiveltechnologie B.V.\" \/>\n<meta property=\"og:url\" content=\"https:\/\/www.rietdairy.com\/de\/privacy\/\" \/>\n<meta property=\"og:site_name\" content=\"Riet Dairy DE\" \/>\n<meta property=\"article:modified_time\" content=\"2024-11-28T09:13:49+00:00\" \/>\n<meta property=\"og:image\" content=\"https:\/\/www.rietdairy.com\/de\/wp-content\/uploads\/sites\/2\/2024\/10\/header-2.jpg\" \/>\n\t<meta property=\"og:image:width\" content=\"2048\" \/>\n\t<meta property=\"og:image:height\" content=\"1363\" \/>\n\t<meta property=\"og:image:type\" content=\"image\/jpeg\" \/>\n<meta name=\"twitter:card\" content=\"summary_large_image\" \/>\n<meta name=\"twitter:label1\" content=\"Gesch\u00e4tzte Lesezeit\" \/>\n\t<meta name=\"twitter:data1\" content=\"3\u00a0Minuten\" \/>\n<script type=\"application\/ld+json\" class=\"yoast-schema-graph\">{\"@context\":\"https:\\\/\\\/schema.org\",\"@graph\":[{\"@type\":\"WebPage\",\"@id\":\"https:\\\/\\\/www.rietdairy.com\\\/de\\\/privacy\\\/\",\"url\":\"https:\\\/\\\/www.rietdairy.com\\\/de\\\/privacy\\\/\",\"name\":\"Privacy by Riet Dairy - Riet Dairy DE\",\"isPartOf\":{\"@id\":\"https:\\\/\\\/www.rietdairy.com\\\/de\\\/#website\"},\"primaryImageOfPage\":{\"@id\":\"https:\\\/\\\/www.rietdairy.com\\\/de\\\/privacy\\\/#primaryimage\"},\"image\":{\"@id\":\"https:\\\/\\\/www.rietdairy.com\\\/de\\\/privacy\\\/#primaryimage\"},\"thumbnailUrl\":\"https:\\\/\\\/www.rietdairy.com\\\/de\\\/wp-content\\\/uploads\\\/sites\\\/2\\\/2024\\\/10\\\/header-2.jpg\",\"datePublished\":\"2024-08-23T14:16:51+00:00\",\"dateModified\":\"2024-11-28T09:13:49+00:00\",\"description\":\"This privacy statement applies to the services provided by van 't Riet Zuiveltechnologie B.V.\",\"breadcrumb\":{\"@id\":\"https:\\\/\\\/www.rietdairy.com\\\/de\\\/privacy\\\/#breadcrumb\"},\"inLanguage\":\"de\",\"potentialAction\":[{\"@type\":\"ReadAction\",\"target\":[\"https:\\\/\\\/www.rietdairy.com\\\/de\\\/privacy\\\/\"]}]},{\"@type\":\"ImageObject\",\"inLanguage\":\"de\",\"@id\":\"https:\\\/\\\/www.rietdairy.com\\\/de\\\/privacy\\\/#primaryimage\",\"url\":\"https:\\\/\\\/www.rietdairy.com\\\/de\\\/wp-content\\\/uploads\\\/sites\\\/2\\\/2024\\\/10\\\/header-2.jpg\",\"contentUrl\":\"https:\\\/\\\/www.rietdairy.com\\\/de\\\/wp-content\\\/uploads\\\/sites\\\/2\\\/2024\\\/10\\\/header-2.jpg\",\"width\":2048,\"height\":1363},{\"@type\":\"BreadcrumbList\",\"@id\":\"https:\\\/\\\/www.rietdairy.com\\\/de\\\/privacy\\\/#breadcrumb\",\"itemListElement\":[{\"@type\":\"ListItem\",\"position\":1,\"name\":\"Home\",\"item\":\"https:\\\/\\\/www.rietdairy.com\\\/de\\\/\"},{\"@type\":\"ListItem\",\"position\":2,\"name\":\"Privacy by Riet Dairy\"}]},{\"@type\":\"WebSite\",\"@id\":\"https:\\\/\\\/www.rietdairy.com\\\/de\\\/#website\",\"url\":\"https:\\\/\\\/www.rietdairy.com\\\/de\\\/\",\"name\":\"Riet Dairy DE\",\"description\":\"\",\"potentialAction\":[{\"@type\":\"SearchAction\",\"target\":{\"@type\":\"EntryPoint\",\"urlTemplate\":\"https:\\\/\\\/www.rietdairy.com\\\/de\\\/?s={search_term_string}\"},\"query-input\":{\"@type\":\"PropertyValueSpecification\",\"valueRequired\":true,\"valueName\":\"search_term_string\"}}],\"inLanguage\":\"de\"}]}<\/script>\n<!-- \/ Yoast SEO plugin. -->","yoast_head_json":{"title":"Privacy by Riet Dairy - Riet Dairy DE","description":"This privacy statement applies to the services provided by van 't Riet Zuiveltechnologie B.V.","robots":{"index":"index","follow":"follow","max-snippet":"max-snippet:-1","max-image-preview":"max-image-preview:large","max-video-preview":"max-video-preview:-1"},"canonical":"https:\/\/www.rietdairy.com\/de\/privacy\/","og_locale":"de_DE","og_type":"article","og_title":"Privacy by Riet Dairy - Riet Dairy DE","og_description":"This privacy statement applies to the services provided by van 't Riet Zuiveltechnologie B.V.","og_url":"https:\/\/www.rietdairy.com\/de\/privacy\/","og_site_name":"Riet Dairy DE","article_modified_time":"2024-11-28T09:13:49+00:00","og_image":[{"width":2048,"height":1363,"url":"https:\/\/www.rietdairy.com\/de\/wp-content\/uploads\/sites\/2\/2024\/10\/header-2.jpg","type":"image\/jpeg"}],"twitter_card":"summary_large_image","twitter_misc":{"Gesch\u00e4tzte Lesezeit":"3\u00a0Minuten"},"schema":{"@context":"https:\/\/schema.org","@graph":[{"@type":"WebPage","@id":"https:\/\/www.rietdairy.com\/de\/privacy\/","url":"https:\/\/www.rietdairy.com\/de\/privacy\/","name":"Privacy by Riet Dairy - Riet Dairy DE","isPartOf":{"@id":"https:\/\/www.rietdairy.com\/de\/#website"},"primaryImageOfPage":{"@id":"https:\/\/www.rietdairy.com\/de\/privacy\/#primaryimage"},"image":{"@id":"https:\/\/www.rietdairy.com\/de\/privacy\/#primaryimage"},"thumbnailUrl":"https:\/\/www.rietdairy.com\/de\/wp-content\/uploads\/sites\/2\/2024\/10\/header-2.jpg","datePublished":"2024-08-23T14:16:51+00:00","dateModified":"2024-11-28T09:13:49+00:00","description":"This privacy statement applies to the services provided by van 't Riet Zuiveltechnologie B.V.","breadcrumb":{"@id":"https:\/\/www.rietdairy.com\/de\/privacy\/#breadcrumb"},"inLanguage":"de","potentialAction":[{"@type":"ReadAction","target":["https:\/\/www.rietdairy.com\/de\/privacy\/"]}]},{"@type":"ImageObject","inLanguage":"de","@id":"https:\/\/www.rietdairy.com\/de\/privacy\/#primaryimage","url":"https:\/\/www.rietdairy.com\/de\/wp-content\/uploads\/sites\/2\/2024\/10\/header-2.jpg","contentUrl":"https:\/\/www.rietdairy.com\/de\/wp-content\/uploads\/sites\/2\/2024\/10\/header-2.jpg","width":2048,"height":1363},{"@type":"BreadcrumbList","@id":"https:\/\/www.rietdairy.com\/de\/privacy\/#breadcrumb","itemListElement":[{"@type":"ListItem","position":1,"name":"Home","item":"https:\/\/www.rietdairy.com\/de\/"},{"@type":"ListItem","position":2,"name":"Privacy by Riet Dairy"}]},{"@type":"WebSite","@id":"https:\/\/www.rietdairy.com\/de\/#website","url":"https:\/\/www.rietdairy.com\/de\/","name":"Riet Dairy DE","description":"","potentialAction":[{"@type":"SearchAction","target":{"@type":"EntryPoint","urlTemplate":"https:\/\/www.rietdairy.com\/de\/?s={search_term_string}"},"query-input":{"@type":"PropertyValueSpecification","valueRequired":true,"valueName":"search_term_string"}}],"inLanguage":"de"}]}},"_links":{"self":[{"href":"https:\/\/www.rietdairy.com\/de\/wp-json\/wp\/v2\/pages\/105","targetHints":{"allow":["GET"]}}],"collection":[{"href":"https:\/\/www.rietdairy.com\/de\/wp-json\/wp\/v2\/pages"}],"about":[{"href":"https:\/\/www.rietdairy.com\/de\/wp-json\/wp\/v2\/types\/page"}],"author":[{"embeddable":true,"href":"https:\/\/www.rietdairy.com\/de\/wp-json\/wp\/v2\/users\/1"}],"replies":[{"embeddable":true,"href":"https:\/\/www.rietdairy.com\/de\/wp-json\/wp\/v2\/comments?post=105"}],"version-history":[{"count":3,"href":"https:\/\/www.rietdairy.com\/de\/wp-json\/wp\/v2\/pages\/105\/revisions"}],"predecessor-version":[{"id":361,"href":"https:\/\/www.rietdairy.com\/de\/wp-json\/wp\/v2\/pages\/105\/revisions\/361"}],"wp:featuredmedia":[{"embeddable":true,"href":"https:\/\/www.rietdairy.com\/de\/wp-json\/wp\/v2\/media\/228"}],"wp:attachment":[{"href":"https:\/\/www.rietdairy.com\/de\/wp-json\/wp\/v2\/media?parent=105"}],"curies":[{"name":"wp","href":"https:\/\/api.w.org\/{rel}","templated":true}]}}