{"id":331,"date":"2024-11-05T14:33:26","date_gmt":"2024-11-05T14:33:26","guid":{"rendered":"https:\/\/www.rietdairy.com\/de\/?page_id=331"},"modified":"2025-07-31T11:23:39","modified_gmt":"2025-07-31T11:23:39","slug":"leistungsstarker-pasteur","status":"publish","type":"page","link":"https:\/\/www.rietdairy.com\/de\/leistungsstarker-pasteur\/","title":{"rendered":"Leistungsstarker Pasteur"},"content":{"rendered":"\n<h1 class=\"wp-block-heading\">Pasteure f\u00fcr nachhaltige Milchverarbeitung<\/h1>\n\n\n\n<p><strong>Sie brauchen einen zuverl\u00e4ssigen Pasteur, mit dem Sie Ihre Molkereiproduktion wesentlich verbessern k\u00f6nnen? Riet Dairy hat sowohl Batch- als auch Durchlaufpasteure im Sortiment. Sie eignen sich perfekt f\u00fcr die Pasteurisierung von Milch, Joghurt und anderen Fl\u00fcssigkeiten. Unsere Pasteure sind nicht nur effizient und langlebig, sondern entsprechen auch den h\u00f6chsten Qualit\u00e4tsstandards \u2013 f\u00fcr einen konsistenten, energiesparenden Produktionsprozess.<\/strong><\/p>\n\n\n\n<h2 class=\"wp-block-heading\">Was ist ein Pasteur und wozu braucht man ihn?<\/h2>\n\n\n\n<p>In einem Pasteur werden Milch und andere Molkereiprodukte erhitzt, um sch\u00e4dliche Bakterien abzut\u00f6ten \u2013 ohne Beeintr\u00e4chtigung von Geschmack und N\u00e4hrwert. Dieser Pasteurisierungsprozess ist f\u00fcr die Sicherheit und Qualit\u00e4t Ihrer Produkte unerl\u00e4sslich.<\/p>\n\n\n\n<h2 class=\"wp-block-heading\">Der richtige Pasteur f\u00fcr Ihre Produktion<\/h2>\n\n\n\n<p>Bei der Auswahl eines Pasteurs spielt Ihr Produktionsbedarf eine wesentliche Rolle. F\u00fcr kleinere Mengen sind <a href=\"https:\/\/rietdairy.nl\/de\/produkte\/batch-standpasteurisierer\/\" target=\"_blank\" rel=\"noreferrer noopener\">Batch-Pasteure<\/a> ideal, die nach dem Au-bain-marie-Prinzip funktionieren. Sie gew\u00e4hrleisten eine gleichm\u00e4\u00dfige Erhitzung und haben ein Fassungsverm\u00f6gen zwischen 120 und 1000 Litern. F\u00fcr gr\u00f6\u00dfere Produktionen ist ein <a href=\"https:\/\/rietdairy.nl\/de\/produkte\/durchfluss-pasteurisierer\/\" target=\"_blank\" rel=\"noreferrer noopener\">Durchlaufpasteur<\/a> eine hervorragende L\u00f6sung: Er verarbeitet kontinuierlich gro\u00dfe Mengen. Ideal f\u00fcr Molkereien mit h\u00f6heren Produktionskapazit\u00e4ten. Die Sicherheitssysteme und kundenspezifischen M\u00f6glichkeiten von Riet Dairy garantieren immer einen sicheren, effizienten Pasteurisierungsprozess.<\/p>\n\n\n\n<h2 class=\"wp-block-heading\">Die Vorteile der Pasteure von Riet Dairy<\/h2>\n\n\n\n<p><strong>\u2713<\/strong><strong> Energieeffizient:<\/strong> Unsere W\u00e4rmetauscher und effizienten K\u00fchlsysteme sind ausgesprochen energieeffizient.<\/p>\n\n\n\n<p><strong>\u2713<\/strong><strong> Unterschiedliche Kapazit\u00e4ten:<\/strong> Pasteure f\u00fcr kleinere Volumen (120\u20131000 Liter) und gro\u00dfe Volumen.<\/p>\n\n\n\n<p><strong>\u2713<\/strong><strong> Langlebig und wertbest\u00e4ndig:<\/strong> aus hochwertigen Materialien hergestellt f\u00fcr eine lange Nutzungsdauer.<\/p>\n\n\n\n<p><strong>\u2713<\/strong><strong> Hygienisch und einfach zu bedienen:<\/strong> 3A-zertifizierte Verarbeitung f\u00fcr optimale Hygiene.<\/p>\n\n\n\n<p><strong>\u2713<\/strong><strong> Wartungsarm:<\/strong> Entwickelt f\u00fcr minimalen Wartungsbedarf und eine lange Lebensdauer.<\/p>\n\n\n\n<h2 class=\"wp-block-heading\">Einen Pasteur kaufen<\/h2>\n\n\n\n<p>Riet Dairy bietet ein umfangreiches Sortiment an Pasteuren \u2013 von Batch-Pasteuren mit Kippbeh\u00e4ltern bis hin zu vielseitigen Durchlaufpasteuren mit vielen Steuerungsm\u00f6glichkeiten. Sie suchen einen neuen Milchpasteur? Oder doch lieber ein gebrauchtes Modell? Wir haben immer die richtige L\u00f6sung f\u00fcr Ihre Produktion. Mit unserer Erfahrung in der Molkereibranche unterst\u00fctzen wir Sie vom Kauf bis zur Installation \u2013 damit Sie sofort loslegen k\u00f6nnen.<br><\/p>\n","protected":false},"excerpt":{"rendered":"<p>Pasteure f\u00fcr nachhaltige Milchverarbeitung Sie brauchen einen zuverl\u00e4ssigen Pasteur, mit dem Sie Ihre Molkereiproduktion wesentlich verbessern k\u00f6nnen? Riet Dairy hat<\/p>\n","protected":false},"author":3,"featured_media":332,"parent":0,"menu_order":0,"comment_status":"closed","ping_status":"closed","template":"template-seo-page.php","meta":{"_acf_changed":false,"footnotes":""},"class_list":["post-331","page","type-page","status-publish","has-post-thumbnail","hentry"],"acf":[],"yoast_head":"<!-- This site is optimized with the Yoast SEO plugin v27.4 - https:\/\/yoast.com\/product\/yoast-seo-wordpress\/ -->\n<title>Leistungsstarker Pasteur - Riet Dairy DE<\/title>\n<meta name=\"description\" content=\"Sie brauchen einen zuverl\u00e4ssigen Pasteur, mit dem Sie Ihre Molkereiproduktion wesentlich verbessern k\u00f6nnen?\" \/>\n<meta name=\"robots\" content=\"index, follow, max-snippet:-1, max-image-preview:large, max-video-preview:-1\" \/>\n<link rel=\"canonical\" href=\"https:\/\/www.rietdairy.com\/de\/leistungsstarker-pasteur\/\" \/>\n<meta property=\"og:locale\" content=\"de_DE\" \/>\n<meta property=\"og:type\" content=\"article\" \/>\n<meta property=\"og:title\" content=\"Leistungsstarker Pasteur - Riet Dairy DE\" \/>\n<meta property=\"og:description\" content=\"Sie brauchen einen zuverl\u00e4ssigen Pasteur, mit dem Sie Ihre Molkereiproduktion wesentlich verbessern k\u00f6nnen?\" \/>\n<meta property=\"og:url\" content=\"https:\/\/www.rietdairy.com\/de\/leistungsstarker-pasteur\/\" \/>\n<meta property=\"og:site_name\" content=\"Riet Dairy DE\" \/>\n<meta property=\"article:modified_time\" content=\"2025-07-31T11:23:39+00:00\" \/>\n<meta property=\"og:image\" content=\"https:\/\/www.rietdairy.com\/de\/wp-content\/uploads\/sites\/2\/2024\/11\/Pasteurisierer_Riet_Dairy.jpg\" \/>\n\t<meta property=\"og:image:width\" content=\"2355\" \/>\n\t<meta property=\"og:image:height\" content=\"1567\" \/>\n\t<meta property=\"og:image:type\" content=\"image\/jpeg\" \/>\n<meta name=\"twitter:card\" content=\"summary_large_image\" \/>\n<meta name=\"twitter:label1\" content=\"Gesch\u00e4tzte Lesezeit\" \/>\n\t<meta name=\"twitter:data1\" content=\"3\u00a0Minuten\" \/>\n<script type=\"application\/ld+json\" class=\"yoast-schema-graph\">{\"@context\":\"https:\\\/\\\/schema.org\",\"@graph\":[{\"@type\":\"WebPage\",\"@id\":\"https:\\\/\\\/www.rietdairy.com\\\/de\\\/leistungsstarker-pasteur\\\/\",\"url\":\"https:\\\/\\\/www.rietdairy.com\\\/de\\\/leistungsstarker-pasteur\\\/\",\"name\":\"Leistungsstarker Pasteur - Riet Dairy DE\",\"isPartOf\":{\"@id\":\"https:\\\/\\\/www.rietdairy.com\\\/de\\\/#website\"},\"primaryImageOfPage\":{\"@id\":\"https:\\\/\\\/www.rietdairy.com\\\/de\\\/leistungsstarker-pasteur\\\/#primaryimage\"},\"image\":{\"@id\":\"https:\\\/\\\/www.rietdairy.com\\\/de\\\/leistungsstarker-pasteur\\\/#primaryimage\"},\"thumbnailUrl\":\"https:\\\/\\\/www.rietdairy.com\\\/de\\\/wp-content\\\/uploads\\\/sites\\\/2\\\/2024\\\/11\\\/Pasteurisierer_Riet_Dairy.jpg\",\"datePublished\":\"2024-11-05T14:33:26+00:00\",\"dateModified\":\"2025-07-31T11:23:39+00:00\",\"description\":\"Sie brauchen einen zuverl\u00e4ssigen Pasteur, mit dem Sie Ihre Molkereiproduktion wesentlich verbessern k\u00f6nnen?\",\"breadcrumb\":{\"@id\":\"https:\\\/\\\/www.rietdairy.com\\\/de\\\/leistungsstarker-pasteur\\\/#breadcrumb\"},\"inLanguage\":\"de\",\"potentialAction\":[{\"@type\":\"ReadAction\",\"target\":[\"https:\\\/\\\/www.rietdairy.com\\\/de\\\/leistungsstarker-pasteur\\\/\"]}]},{\"@type\":\"ImageObject\",\"inLanguage\":\"de\",\"@id\":\"https:\\\/\\\/www.rietdairy.com\\\/de\\\/leistungsstarker-pasteur\\\/#primaryimage\",\"url\":\"https:\\\/\\\/www.rietdairy.com\\\/de\\\/wp-content\\\/uploads\\\/sites\\\/2\\\/2024\\\/11\\\/Pasteurisierer_Riet_Dairy.jpg\",\"contentUrl\":\"https:\\\/\\\/www.rietdairy.com\\\/de\\\/wp-content\\\/uploads\\\/sites\\\/2\\\/2024\\\/11\\\/Pasteurisierer_Riet_Dairy.jpg\",\"width\":2355,\"height\":1567,\"caption\":\"Pasteurisierer_Riet_Dairy\"},{\"@type\":\"BreadcrumbList\",\"@id\":\"https:\\\/\\\/www.rietdairy.com\\\/de\\\/leistungsstarker-pasteur\\\/#breadcrumb\",\"itemListElement\":[{\"@type\":\"ListItem\",\"position\":1,\"name\":\"Home\",\"item\":\"https:\\\/\\\/www.rietdairy.com\\\/de\\\/\"},{\"@type\":\"ListItem\",\"position\":2,\"name\":\"Leistungsstarker Pasteur\"}]},{\"@type\":\"WebSite\",\"@id\":\"https:\\\/\\\/www.rietdairy.com\\\/de\\\/#website\",\"url\":\"https:\\\/\\\/www.rietdairy.com\\\/de\\\/\",\"name\":\"Riet Dairy DE\",\"description\":\"\",\"potentialAction\":[{\"@type\":\"SearchAction\",\"target\":{\"@type\":\"EntryPoint\",\"urlTemplate\":\"https:\\\/\\\/www.rietdairy.com\\\/de\\\/?s={search_term_string}\"},\"query-input\":{\"@type\":\"PropertyValueSpecification\",\"valueRequired\":true,\"valueName\":\"search_term_string\"}}],\"inLanguage\":\"de\"}]}<\/script>\n<!-- \/ Yoast SEO plugin. -->","yoast_head_json":{"title":"Leistungsstarker Pasteur - Riet Dairy DE","description":"Sie brauchen einen zuverl\u00e4ssigen Pasteur, mit dem Sie Ihre Molkereiproduktion wesentlich verbessern k\u00f6nnen?","robots":{"index":"index","follow":"follow","max-snippet":"max-snippet:-1","max-image-preview":"max-image-preview:large","max-video-preview":"max-video-preview:-1"},"canonical":"https:\/\/www.rietdairy.com\/de\/leistungsstarker-pasteur\/","og_locale":"de_DE","og_type":"article","og_title":"Leistungsstarker Pasteur - Riet Dairy DE","og_description":"Sie brauchen einen zuverl\u00e4ssigen Pasteur, mit dem Sie Ihre Molkereiproduktion wesentlich verbessern k\u00f6nnen?","og_url":"https:\/\/www.rietdairy.com\/de\/leistungsstarker-pasteur\/","og_site_name":"Riet Dairy DE","article_modified_time":"2025-07-31T11:23:39+00:00","og_image":[{"width":2355,"height":1567,"url":"https:\/\/www.rietdairy.com\/de\/wp-content\/uploads\/sites\/2\/2024\/11\/Pasteurisierer_Riet_Dairy.jpg","type":"image\/jpeg"}],"twitter_card":"summary_large_image","twitter_misc":{"Gesch\u00e4tzte Lesezeit":"3\u00a0Minuten"},"schema":{"@context":"https:\/\/schema.org","@graph":[{"@type":"WebPage","@id":"https:\/\/www.rietdairy.com\/de\/leistungsstarker-pasteur\/","url":"https:\/\/www.rietdairy.com\/de\/leistungsstarker-pasteur\/","name":"Leistungsstarker Pasteur - Riet Dairy DE","isPartOf":{"@id":"https:\/\/www.rietdairy.com\/de\/#website"},"primaryImageOfPage":{"@id":"https:\/\/www.rietdairy.com\/de\/leistungsstarker-pasteur\/#primaryimage"},"image":{"@id":"https:\/\/www.rietdairy.com\/de\/leistungsstarker-pasteur\/#primaryimage"},"thumbnailUrl":"https:\/\/www.rietdairy.com\/de\/wp-content\/uploads\/sites\/2\/2024\/11\/Pasteurisierer_Riet_Dairy.jpg","datePublished":"2024-11-05T14:33:26+00:00","dateModified":"2025-07-31T11:23:39+00:00","description":"Sie brauchen einen zuverl\u00e4ssigen Pasteur, mit dem Sie Ihre Molkereiproduktion wesentlich verbessern k\u00f6nnen?","breadcrumb":{"@id":"https:\/\/www.rietdairy.com\/de\/leistungsstarker-pasteur\/#breadcrumb"},"inLanguage":"de","potentialAction":[{"@type":"ReadAction","target":["https:\/\/www.rietdairy.com\/de\/leistungsstarker-pasteur\/"]}]},{"@type":"ImageObject","inLanguage":"de","@id":"https:\/\/www.rietdairy.com\/de\/leistungsstarker-pasteur\/#primaryimage","url":"https:\/\/www.rietdairy.com\/de\/wp-content\/uploads\/sites\/2\/2024\/11\/Pasteurisierer_Riet_Dairy.jpg","contentUrl":"https:\/\/www.rietdairy.com\/de\/wp-content\/uploads\/sites\/2\/2024\/11\/Pasteurisierer_Riet_Dairy.jpg","width":2355,"height":1567,"caption":"Pasteurisierer_Riet_Dairy"},{"@type":"BreadcrumbList","@id":"https:\/\/www.rietdairy.com\/de\/leistungsstarker-pasteur\/#breadcrumb","itemListElement":[{"@type":"ListItem","position":1,"name":"Home","item":"https:\/\/www.rietdairy.com\/de\/"},{"@type":"ListItem","position":2,"name":"Leistungsstarker Pasteur"}]},{"@type":"WebSite","@id":"https:\/\/www.rietdairy.com\/de\/#website","url":"https:\/\/www.rietdairy.com\/de\/","name":"Riet Dairy DE","description":"","potentialAction":[{"@type":"SearchAction","target":{"@type":"EntryPoint","urlTemplate":"https:\/\/www.rietdairy.com\/de\/?s={search_term_string}"},"query-input":{"@type":"PropertyValueSpecification","valueRequired":true,"valueName":"search_term_string"}}],"inLanguage":"de"}]}},"_links":{"self":[{"href":"https:\/\/www.rietdairy.com\/de\/wp-json\/wp\/v2\/pages\/331","targetHints":{"allow":["GET"]}}],"collection":[{"href":"https:\/\/www.rietdairy.com\/de\/wp-json\/wp\/v2\/pages"}],"about":[{"href":"https:\/\/www.rietdairy.com\/de\/wp-json\/wp\/v2\/types\/page"}],"author":[{"embeddable":true,"href":"https:\/\/www.rietdairy.com\/de\/wp-json\/wp\/v2\/users\/3"}],"replies":[{"embeddable":true,"href":"https:\/\/www.rietdairy.com\/de\/wp-json\/wp\/v2\/comments?post=331"}],"version-history":[{"count":4,"href":"https:\/\/www.rietdairy.com\/de\/wp-json\/wp\/v2\/pages\/331\/revisions"}],"predecessor-version":[{"id":417,"href":"https:\/\/www.rietdairy.com\/de\/wp-json\/wp\/v2\/pages\/331\/revisions\/417"}],"wp:featuredmedia":[{"embeddable":true,"href":"https:\/\/www.rietdairy.com\/de\/wp-json\/wp\/v2\/media\/332"}],"wp:attachment":[{"href":"https:\/\/www.rietdairy.com\/de\/wp-json\/wp\/v2\/media?parent=331"}],"curies":[{"name":"wp","href":"https:\/\/api.w.org\/{rel}","templated":true}]}}